{"id":21,"date":"2020-02-07T06:00:34","date_gmt":"2020-02-07T06:00:34","guid":{"rendered":"http:\/\/sustainsecure2020.mruni.eu\/?page_id=21"},"modified":"2026-04-07T09:25:35","modified_gmt":"2026-04-07T09:25:35","slug":"organizing-committee","status":"publish","type":"page","link":"https:\/\/sustainsecure2026.mruni.eu\/?page_id=21","title":{"rendered":"Organizing Committee"},"content":{"rendered":"<p>Prof. dr. R\u016bta Adamonien\u0117, \u00a0Mykolas Romeris University, Lithuania<\/p>\n<p>Prof. dr. Aureija P\u016brait\u0117, Mykolas Romeris University, Lithuania<\/p>\n<p>Assoc. prof. dr. Mantas Bilei\u0161is, Mykolas Romeris University, Lithuania<\/p>\n<p>Vice-Dean\u00a0Danguol\u0117 Seniutien\u0117, Mykolas Romeris University, Lithuania<\/p>\n<p>Prof. dr. Vainius Smalskys, Mykolas Romeris University, Lithuania<\/p>\n<p>Prof. habil. dr.\u00a0\u017daneta Simanavi\u010dien\u0117, Mykolas Romeris University, Lithuania<\/p>\n<p>Prof. dr.\u00a0\u017daneta Navickien\u0117, Mykolas Romeris University, Lithuania<\/p>\n<p>Prof. dr. Violeta Vasiliauskien\u0117, \u00a0Mykolas Romeris University, Lithuania<\/p>\n<p>Prof. dr. Vaiva Zuzevi\u010di\u016bt\u0117, \u00a0Mykolas Romeris University, Lithuania<\/p>\n<p>Assoc. prof. dr.\u00a0Asta Kyguolien\u0117, Vytautas Magnus University, Lithuania<\/p>\n<p>Assoc. prof. dr.\u00a0Dalia Prakapien\u0117, General Jonas \u017demaitis Military Academy of Lithuania, Lithuania<\/p>\n<p>Assoc. prof. dr.\u00a0Rasa Dobr\u017einskien\u0117, Mykolas Romeris University, Lithuania<\/p>\n<p>Assoc. prof. dr.\u00a0Egl\u0117 \u0160tareik\u0117, Mykolas Romeris University, Lithuania<\/p>\n<p>Lect.\u00a0Vilma Mila\u0161i\u016bnait\u0117, Mykolas Romeris University, Lithuania<\/p>\n<p>Lect.\u00a0Au\u0161ra Stepanovien\u0117, Mykolas Romeris University, Lithuania<\/p>\n<p>Neringa Kalinauskien\u0117, Mykolas Romeris University, Lithuania<\/p>\n<p>Au\u0161ra Ralien\u0117, Mykolas Romeris University, Lithuania<\/p>\n","protected":false},"excerpt":{"rendered":"<p>Prof. dr. R\u016bta Adamonien\u0117, \u00a0Mykolas Romeris University, Lithuania Prof. dr. Aureija P\u016brait\u0117, Mykolas Romeris University, Lithuania Assoc. prof. dr. Mantas Bilei\u0161is, Mykolas Romeris University, Lithuania Vice-Dean\u00a0Danguol\u0117 Seniutien\u0117, Mykolas Romeris University, Lithuania Prof. dr. Vainius Smalskys, Mykolas Romeris University, Lithuania Prof. habil. dr.\u00a0\u017daneta Simanavi\u010dien\u0117, Mykolas Romeris University, Lithuania Prof. dr.\u00a0\u017daneta Navickien\u0117, Mykolas Romeris University, Lithuania Prof. &hellip; <\/p>\n<p class=\"link-more\"><a href=\"https:\/\/sustainsecure2026.mruni.eu\/?page_id=21\" class=\"more-link\">Continue reading<span class=\"screen-reader-text\"> &#8220;Organizing Committee&#8221;<\/span><\/a><\/p>\n","protected":false},"author":1,"featured_media":0,"parent":0,"menu_order":0,"comment_status":"closed","ping_status":"closed","template":"template-pages\/full-width-page.php","meta":{"footnotes":""},"class_list":["post-21","page","type-page","status-publish","hentry"],"_links":{"self":[{"href":"https:\/\/sustainsecure2026.mruni.eu\/index.php?rest_route=\/wp\/v2\/pages\/21","targetHints":{"allow":["GET"]}}],"collection":[{"href":"https:\/\/sustainsecure2026.mruni.eu\/index.php?rest_route=\/wp\/v2\/pages"}],"about":[{"href":"https:\/\/sustainsecure2026.mruni.eu\/index.php?rest_route=\/wp\/v2\/types\/page"}],"author":[{"embeddable":true,"href":"https:\/\/sustainsecure2026.mruni.eu\/index.php?rest_route=\/wp\/v2\/users\/1"}],"replies":[{"embeddable":true,"href":"https:\/\/sustainsecure2026.mruni.eu\/index.php?rest_route=%2Fwp%2Fv2%2Fcomments&post=21"}],"version-history":[{"count":33,"href":"https:\/\/sustainsecure2026.mruni.eu\/index.php?rest_route=\/wp\/v2\/pages\/21\/revisions"}],"predecessor-version":[{"id":827,"href":"https:\/\/sustainsecure2026.mruni.eu\/index.php?rest_route=\/wp\/v2\/pages\/21\/revisions\/827"}],"wp:attachment":[{"href":"https:\/\/sustainsecure2026.mruni.eu\/index.php?rest_route=%2Fwp%2Fv2%2Fmedia&parent=21"}],"curies":[{"name":"wp","href":"https:\/\/api.w.org\/{rel}","templated":true}]}}