{"id":18,"date":"2020-02-07T06:00:14","date_gmt":"2020-02-07T06:00:14","guid":{"rendered":"http:\/\/sustainsecure2020.mruni.eu\/?page_id=18"},"modified":"2026-04-07T09:27:12","modified_gmt":"2026-04-07T09:27:12","slug":"scientific-committee","status":"publish","type":"page","link":"https:\/\/sustainsecure2026.mruni.eu\/?page_id=18","title":{"rendered":"Scientific Committee"},"content":{"rendered":"<p>Prof. dr.\u00a0R\u016bta Adamonien\u0117, Mykolas Romeris University, Lithuania<\/p>\n<p>Prof. dr.\u00a0Aurelija P\u016brait\u0117, Mykolas Romeris University, Lithuania<\/p>\n<p>Prof. Ing. CSc.\u00a0Josef Koubek, University of Economics, Prague, Czech Republic<\/p>\n<p>Prof. dr. PhD.\u00a0Jos\u00e9 Luis V\u00e1zquez Burguete, University of Leon, Spain<\/p>\n<p>Prof. dr. PhD.\u00a0Maria Isabel S\u00e1nchez-Hern\u00e1ndez, University Extremadura, Spain<\/p>\n<p>Prof. dr.\u00a0Au\u0161ra Pa\u017e\u0117rait\u0117, Vytautas Magnus University, Lithuania<\/p>\n<p>Prof. dr.\u00a0Au\u0161ra R\u016btelion\u0117, Kaunas University of Technology, Lithuania<\/p>\n<p>Prof. dr.\u00a0Borys Samorodov, V. N. Karazin Kharkiv National University, Ukraine<\/p>\n<p>Prof. dr.\u00a0Olena Khadzhynova, SHEI Priazovskyi State Technical University, Mariupol, Ukraine<\/p>\n<p>Prof. dr.\u00a0Alla Vasiljevna Cherep, Zaporizhzhia National University, Ukraine<\/p>\n<p>Prof. dr.\u00a0\u017divil\u0117 Stankevi\u010di\u016bt\u0117, Kaunas University of Technology, Lithuania<\/p>\n<p>Assoc. prof. dr.\u00a0Gitana Dudzevi\u010di\u016bt\u0117, General Jonas \u017demaitis Military Academy of Lithuania<\/p>\n<p>Assoc. prof. dr.\u00a0Lienite Litavniece, Rezekne Academy of Technologies, Latvia<\/p>\n<p>Assoc. prof. dr. Irena Figurska, Pomeranian University in Slupsk, Poland<\/p>\n<p>Assoc. prof. dr. Ewa Matuska, Pomeranian University in Slupsk, Poland<\/p>\n<p>Dr.\u00a0Aneta Sok\u00f3\u0142, University of Szczecin, Poland<\/p>\n<p>Dr.\u00a0Justyna Majchrzak-Lepczyk, Hipolit Cegielski State University of Applied Sciences in Gniezno, Poland<\/p>\n","protected":false},"excerpt":{"rendered":"<p>Prof. dr.\u00a0R\u016bta Adamonien\u0117, Mykolas Romeris University, Lithuania Prof. dr.\u00a0Aurelija P\u016brait\u0117, Mykolas Romeris University, Lithuania Prof. Ing. CSc.\u00a0Josef Koubek, University of Economics, Prague, Czech Republic Prof. dr. PhD.\u00a0Jos\u00e9 Luis V\u00e1zquez Burguete, University of Leon, Spain Prof. dr. PhD.\u00a0Maria Isabel S\u00e1nchez-Hern\u00e1ndez, University Extremadura, Spain Prof. dr.\u00a0Au\u0161ra Pa\u017e\u0117rait\u0117, Vytautas Magnus University, Lithuania Prof. dr.\u00a0Au\u0161ra R\u016btelion\u0117, Kaunas University of &hellip; <\/p>\n<p class=\"link-more\"><a href=\"https:\/\/sustainsecure2026.mruni.eu\/?page_id=18\" class=\"more-link\">Continue reading<span class=\"screen-reader-text\"> &#8220;Scientific Committee&#8221;<\/span><\/a><\/p>\n","protected":false},"author":1,"featured_media":0,"parent":0,"menu_order":0,"comment_status":"closed","ping_status":"closed","template":"template-pages\/full-width-page.php","meta":{"footnotes":""},"class_list":["post-18","page","type-page","status-publish","hentry"],"_links":{"self":[{"href":"https:\/\/sustainsecure2026.mruni.eu\/index.php?rest_route=\/wp\/v2\/pages\/18","targetHints":{"allow":["GET"]}}],"collection":[{"href":"https:\/\/sustainsecure2026.mruni.eu\/index.php?rest_route=\/wp\/v2\/pages"}],"about":[{"href":"https:\/\/sustainsecure2026.mruni.eu\/index.php?rest_route=\/wp\/v2\/types\/page"}],"author":[{"embeddable":true,"href":"https:\/\/sustainsecure2026.mruni.eu\/index.php?rest_route=\/wp\/v2\/users\/1"}],"replies":[{"embeddable":true,"href":"https:\/\/sustainsecure2026.mruni.eu\/index.php?rest_route=%2Fwp%2Fv2%2Fcomments&post=18"}],"version-history":[{"count":64,"href":"https:\/\/sustainsecure2026.mruni.eu\/index.php?rest_route=\/wp\/v2\/pages\/18\/revisions"}],"predecessor-version":[{"id":828,"href":"https:\/\/sustainsecure2026.mruni.eu\/index.php?rest_route=\/wp\/v2\/pages\/18\/revisions\/828"}],"wp:attachment":[{"href":"https:\/\/sustainsecure2026.mruni.eu\/index.php?rest_route=%2Fwp%2Fv2%2Fmedia&parent=18"}],"curies":[{"name":"wp","href":"https:\/\/api.w.org\/{rel}","templated":true}]}}