{"id":15,"date":"2020-02-07T05:59:56","date_gmt":"2020-02-07T05:59:56","guid":{"rendered":"http:\/\/sustainsecure2020.mruni.eu\/?page_id=15"},"modified":"2026-04-15T10:00:19","modified_gmt":"2026-04-15T10:00:19","slug":"organizers","status":"publish","type":"page","link":"https:\/\/sustainsecure2026.mruni.eu\/?page_id=15","title":{"rendered":"Organizers"},"content":{"rendered":"\n<p><a href=\"https:\/\/www.mruni.eu\/en\/university\/faculties\/viesojo_saugumo\/#tab_1\">Mykolas Romeris University, Public Security Academy, Lithuania&nbsp;<\/a><\/p>\n\n\n\n<p><a href=\"http:\/\/www.lka.lt\/en\/homepage.html\">General Jonas \u017demaitis Military Academy of&nbsp;Lithuania,&nbsp;Lithuania<\/a><\/p>\n\n\n\n<p>The forum is organized under the patronage of assoc. prof. dr.&nbsp;<b>Mantas Bilei\u0161is<\/b>, the Dean of Mykolas Romeris university\u2018s Academy of Public Security, Lithuania<\/p>\n\n\n\n<p>Chairs of the Annual International Scientific Forum: prof. dr.&nbsp;<b>R\u016bta Adamonien\u0117<\/b>, prof. dr.&nbsp;<b>Aurelija P\u016brait\u0117<\/b>, Mykolas Romeris university\u2018s Academy of Public Security, Lithuania and assoc. prof. dr. <b>Gitana Dudzevi\u010di\u016bt\u0117<\/b>, General Jonas \u017demaitis Military Academy of Lithuania, Lithuania<\/p>\n\n\n\n<p>Chair of the 17th International Scientific Conference \u201eContemporary Paradigms of Public Security\u201c and of the 23th International Scientific Conference \u201eHuman Potential Development\u201c prof.&nbsp;dr.&nbsp;<b>R\u016bta Adamonien\u0117,<\/b>&nbsp;Mykolas Romeris university\u2018s Academy of Public Security, Lithuania<\/p>\n","protected":false},"excerpt":{"rendered":"<p>Mykolas Romeris University, Public Security Academy, Lithuania&nbsp; General Jonas \u017demaitis Military Academy of&nbsp;Lithuania,&nbsp;Lithuania The forum is organized under the patronage of assoc. prof. dr.&nbsp;Mantas Bilei\u0161is, the Dean of Mykolas Romeris university\u2018s Academy of Public Security, Lithuania Chairs of the Annual International Scientific Forum: prof. dr.&nbsp;R\u016bta Adamonien\u0117, prof. dr.&nbsp;Aurelija P\u016brait\u0117, Mykolas Romeris university\u2018s Academy of Public &hellip; <\/p>\n<p class=\"link-more\"><a href=\"https:\/\/sustainsecure2026.mruni.eu\/?page_id=15\" class=\"more-link\">Continue reading<span class=\"screen-reader-text\"> &#8220;Organizers&#8221;<\/span><\/a><\/p>\n","protected":false},"author":1,"featured_media":0,"parent":0,"menu_order":0,"comment_status":"closed","ping_status":"closed","template":"template-pages\/full-width-page.php","meta":{"footnotes":""},"class_list":["post-15","page","type-page","status-publish","hentry"],"_links":{"self":[{"href":"https:\/\/sustainsecure2026.mruni.eu\/index.php?rest_route=\/wp\/v2\/pages\/15","targetHints":{"allow":["GET"]}}],"collection":[{"href":"https:\/\/sustainsecure2026.mruni.eu\/index.php?rest_route=\/wp\/v2\/pages"}],"about":[{"href":"https:\/\/sustainsecure2026.mruni.eu\/index.php?rest_route=\/wp\/v2\/types\/page"}],"author":[{"embeddable":true,"href":"https:\/\/sustainsecure2026.mruni.eu\/index.php?rest_route=\/wp\/v2\/users\/1"}],"replies":[{"embeddable":true,"href":"https:\/\/sustainsecure2026.mruni.eu\/index.php?rest_route=%2Fwp%2Fv2%2Fcomments&post=15"}],"version-history":[{"count":35,"href":"https:\/\/sustainsecure2026.mruni.eu\/index.php?rest_route=\/wp\/v2\/pages\/15\/revisions"}],"predecessor-version":[{"id":833,"href":"https:\/\/sustainsecure2026.mruni.eu\/index.php?rest_route=\/wp\/v2\/pages\/15\/revisions\/833"}],"wp:attachment":[{"href":"https:\/\/sustainsecure2026.mruni.eu\/index.php?rest_route=%2Fwp%2Fv2%2Fmedia&parent=15"}],"curies":[{"name":"wp","href":"https:\/\/api.w.org\/{rel}","templated":true}]}}